{"id":9532,"date":"2026-03-02T21:47:35","date_gmt":"2026-03-02T20:47:35","guid":{"rendered":"https:\/\/avtopokrivala.si\/izdelek\/pokrivalo-za-hyundai-kona-proti-toci\/"},"modified":"2026-04-16T17:18:02","modified_gmt":"2026-04-16T15:18:02","slug":"pokrivalo-za-hyundai-kona-proti-toci","status":"publish","type":"product","link":"https:\/\/avtopokrivala.si\/hr\/izdelek\/pokrivalo-za-hyundai-kona-proti-toci\/","title":{"rendered":"Hybrid pokrivalo M za Hyundai Kona"},"content":{"rendered":"\t\t<div data-elementor-type=\"product-post\" data-elementor-id=\"9532\" class=\"elementor elementor-9532 elementor-3253\" data-elementor-post-type=\"product\">\n\t\t\t\t<div class=\"elementor-element elementor-element-bdeecfd e-flex e-con-boxed e-con e-parent\" data-id=\"bdeecfd\" data-element_type=\"container\" data-e-type=\"container\">\n\t\t\t\t\t<div class=\"e-con-inner\">\n\t\t\t\t<div class=\"elementor-element elementor-element-f0b0200 elementor-widget elementor-widget-text-editor\" data-id=\"f0b0200\" data-element_type=\"widget\" data-e-type=\"widget\" data-widget_type=\"text-editor.default\">\n\t\t\t\t\t\t\t\t\t<section class=\"elementor-section elementor-top-section elementor-element elementor-element-13204ee elementor-section-boxed elementor-section-height-default elementor-section-height-default\" data-particle_enable=\"false\" data-particle-mobile-disabled=\"false\" data-id=\"13204ee\" data-element_type=\"section\" data-e-type=\"section\"><div class=\"elementor-container elementor-column-gap-default\"><div class=\"elementor-column elementor-col-100 elementor-top-column elementor-element elementor-element-b23b091\" data-id=\"b23b091\" data-element_type=\"column\" data-e-type=\"column\"><div class=\"elementor-widget-wrap elementor-element-populated\"><div class=\"elementor-element elementor-element-04800a0 elementor-widget elementor-widget-text-editor\" data-id=\"04800a0\" data-element_type=\"widget\" data-e-type=\"widget\" data-widget_type=\"text-editor.default\"><h1 class=\"elementor-widget-container\" style=\"text-align: center;\"><strong>MAX2 \u2013 Hybrid Pokrivalo- <span style=\"color: #168f0b;\">za <\/span><\/strong><span style=\"color: #168f0b;\">Hyundai Kona<\/span><\/h1><h5 style=\"text-align: center;\">Pokrivalo za Hyundai Kona dizajnirano je za maksimalnu za\u0161titu vozila od tu\u010de, sunca, ki\u0161e i drugih vremenskih utjecaja.<br>Precizno pristajanje osigurava sigurnost, a izdr\u017eljiv materijal dug vijek trajanja i bezbri\u017eno kori\u0161tenje tijekom cijele godine.<\/h5><h5 style=\"text-align: center;\">Na\u0161e pokrivalo za Hyundai Kona posebno je prilago\u0111eno dimenzijama vozila, \u0161to osigurava savr\u0161eno pristajanje i maksimalnu za\u0161titu.<\/h5><\/div><\/div><\/div><\/div><\/section><section class=\"elementor-section elementor-top-section elementor-element elementor-element-d97f4b8 elementor-section-boxed elementor-section-height-default elementor-section-height-default\" data-particle_enable=\"false\" data-particle-mobile-disabled=\"false\" data-id=\"d97f4b8\" data-element_type=\"section\" data-e-type=\"section\"><div class=\"elementor-container elementor-column-gap-default\"><div class=\"elementor-column elementor-col-100 elementor-top-column elementor-element elementor-element-7f04b4e\" data-id=\"7f04b4e\" data-element_type=\"column\" data-e-type=\"column\"><div class=\"elementor-widget-wrap elementor-element-populated\"><div class=\"elementor-element elementor-element-616c63a elementor-widget elementor-widget-text-editor\" data-id=\"616c63a\" data-element_type=\"widget\" data-e-type=\"widget\" data-widget_type=\"text-editor.default\"><div class=\"elementor-widget-container\"><h4 style=\"text-align: center;\" data-start=\"49\" data-end=\"105\"><strong>EKSKLUZIVNA PONUDA\u2026 OPTIMALNA ZA\u0160TITA ZA VA\u0160 AUTOMOBIL<\/strong><\/h4><h4 style=\"text-align: center;\" data-start=\"107\" data-end=\"651\">Ako kupujete pokrivalo protiv tu\u010de, ovu ponudu jednostavno ne smijete propustiti!<br data-start=\"183\" data-end=\"186\">Predstavljamo vam ekskluzivno najnovije patentirano bo\u010dno pokrivalo protiv tu\u010de za u\u010dinkovitu za\u0161titu va\u0161eg limenog ljubimca!<br data-start=\"238\" data-end=\"241\">Ovakvu kvalitetu i ovakav model pokrivala jednostavno ne mo\u017eete prona\u0107i nigdje u Sloveniji kao kod nas!<br data-start=\"319\" data-end=\"322\">Izra\u0111eno od posebno kvalitetne i posebno razvijene registrirane hibridne pjene!<br data-start=\"421\" data-end=\"424\">\u0160titi automobil od tu\u010de, ki\u0161e, smole s drve\u0107a i ostalih vremenskih utjecaja.<br data-start=\"501\" data-end=\"504\">Jednostavno skidanje i pohrana pokrivala u prakti\u010dnoj torbi.<\/h4><h4 style=\"text-align: center;\"><span style=\"color: #168f0b;\"><strong>Vrhunska za\u0161tita od tu\u010de \u0161titi od tu\u010de promjera do 22,7 mm, 6300 mm\u00b3. <\/strong><\/span><\/h4><h4 style=\"text-align: center;\"><strong>Hitrost sunka vetra (hitrost udarca do 90 km\/h). <\/strong><\/h4><h4 style=\"text-align: center;\">Testirano u laboratorijskim uvjetima \u2013 simulirano bombardiranje tu\u010dom \u010deli\u010dnim kuglicama od strane neovisnog ispitnog instituta.<\/h4><\/div><\/div><\/div><\/div><\/div><\/section>\t\t\t\t\t\t\t\t<\/div>\n\t\t\t\t\t<\/div>\n\t\t\t\t<\/div>\n\t\t<div class=\"elementor-element elementor-element-5a0deeb e-flex e-con-boxed e-con e-parent\" data-id=\"5a0deeb\" data-element_type=\"container\" data-e-type=\"container\">\n\t\t\t\t\t<div class=\"e-con-inner\">\n\t\t\t\t<div class=\"elementor-element elementor-element-df68ed1 elementor-widget elementor-widget-image\" data-id=\"df68ed1\" data-element_type=\"widget\" data-e-type=\"widget\" data-widget_type=\"image.default\">\n\t\t\t\t\t\t\t\t\t\t\t\t\t\t\t<img fetchpriority=\"high\" decoding=\"async\" width=\"1072\" height=\"2560\" src=\"https:\/\/avtopokrivala.si\/wp-content\/uploads\/2025\/09\/web-suv-1-1-1-scaled.png\" class=\"attachment-full size-full wp-image-9536\" alt=\"Auto pokrivalo MAX 2 Premium Hybrid za limuzinu sa 7 mm za\u0161titom od tu\u010de\" srcset=\"https:\/\/avtopokrivala.si\/wp-content\/uploads\/2025\/09\/web-suv-1-1-1-scaled.png 1072w, https:\/\/avtopokrivala.si\/wp-content\/uploads\/2025\/09\/web-suv-1-1-1-126x300.png 126w, https:\/\/avtopokrivala.si\/wp-content\/uploads\/2025\/09\/web-suv-1-1-1-429x1024.png 429w, https:\/\/avtopokrivala.si\/wp-content\/uploads\/2025\/09\/web-suv-1-1-1-768x1834.png 768w, https:\/\/avtopokrivala.si\/wp-content\/uploads\/2025\/09\/web-suv-1-1-1-643x1536.png 643w, https:\/\/avtopokrivala.si\/wp-content\/uploads\/2025\/09\/web-suv-1-1-1-858x2048.png 858w, https:\/\/avtopokrivala.si\/wp-content\/uploads\/2025\/09\/web-suv-1-1-1-1000x2388.png 1000w\" sizes=\"(max-width: 1072px) 100vw, 1072px\" \/>\t\t\t\t\t\t\t\t\t\t\t\t\t\t\t<\/div>\n\t\t\t\t\t<\/div>\n\t\t\t\t<\/div>\n\t\t<div class=\"elementor-element elementor-element-e371121 e-flex e-con-boxed e-con e-parent\" data-id=\"e371121\" data-element_type=\"container\" data-e-type=\"container\">\n\t\t\t\t\t<div class=\"e-con-inner\">\n\t\t\t\t<div class=\"elementor-element elementor-element-5849f7d elementor-widget elementor-widget-text-editor\" data-id=\"5849f7d\" data-element_type=\"widget\" data-e-type=\"widget\" data-widget_type=\"text-editor.default\">\n\t\t\t\t\t\t\t\t\t<section class=\"elementor-section elementor-top-section elementor-element elementor-element-13204ee elementor-section-boxed elementor-section-height-default elementor-section-height-default\" data-particle_enable=\"false\" data-particle-mobile-disabled=\"false\" data-id=\"13204ee\" data-element_type=\"section\" data-e-type=\"section\"><div class=\"elementor-container elementor-column-gap-default\"><div class=\"elementor-column elementor-col-100 elementor-top-column elementor-element elementor-element-b23b091\" data-id=\"b23b091\" data-element_type=\"column\" data-e-type=\"column\"><div class=\"elementor-widget-wrap elementor-element-populated\"><div class=\"elementor-element elementor-element-04800a0 elementor-widget elementor-widget-text-editor\" data-id=\"04800a0\" data-element_type=\"widget\" data-e-type=\"widget\" data-widget_type=\"text-editor.default\"><h2 style=\"text-align: center;\">Savr\u0161eno pristajanje i jednostavna upotreba<\/h2><p style=\"text-align: center;\">Pokrivalo za Hyundai Kona oblikovano je tako da se precizno prilago\u0111ava dimenzijama vozila. To zna\u010di bolju stabilnost, manje pomicanja na vjetru i u\u010dinkovitiju za\u0161titu karoserije. Elasti\u010dni rubovi omogu\u0107uju brzu monta\u017eu, a pri\u010dvrsne trake dodatno osiguravaju sigurnu upotrebu i u ja\u010dim vremenskim uvjetima.  <\/p><p style=\"text-align: center;\">Materijal je vi\u0161eslojan, vodootporan i prozra\u010dan, \u0161to sprje\u010dava nakupljanje vlage ispod pokrivala. Tako pokrivalo za Hyundai Kona ne \u0161titi samo od tu\u010de, ve\u0107 i od kondenzacije koja dugoro\u010dno mo\u017ee utjecati na stanje laka i metalnih dijelova vozila. <\/p><h2 style=\"text-align: center;\">Za\u0161to je pokrivalo za Hyundai Kona dobra investicija?<\/h2><p style=\"text-align: center;\">Vremenske pojave postaju sve nepredvidljivije, a tu\u010da mo\u017ee uzrokovati visoke tro\u0161kove popravka. Pokrivalo za Hyundai Kona pristupa\u010dno je rje\u0161enje koje poma\u017ee sprije\u010diti o\u0161te\u0107enja i o\u010duvati vrijednost va\u0161eg automobila. Umjesto skupih popravaka, jednostavnom preventivom mo\u017eete osigurati dugoro\u010dnu za\u0161titu.  <\/p><p style=\"text-align: center;\">Bez obzira parkirate li vozilo kod ku\u0107e, na radnom mjestu ili na javnom parkirali\u0161tu, pokrivalo za Hyundai Inster omogu\u0107uje vam bezbri\u017eno parkiranje tijekom cijele godine. Rije\u010d je o prakti\u010dnom, u\u010dinkovitom i pametnom rje\u0161enju za svakoga tko \u017eeli za\u0161tititi svoje vozilo od vremenskih utjecaja. <\/p><h2 style=\"text-align: center;\">Dugoro\u010dna za\u0161tita va\u0161eg vozila<\/h2><p style=\"text-align: center;\">Pokrivalo za Hyundai Kona dizajnirano je za voza\u010de koji \u017eele dugoro\u010dnu za\u0161titu bez kompromisa.<br>Redovita upotreba pokrivala poma\u017ee o\u010duvati lak, sprje\u010dava nastanak mikroo\u0161te\u0107enja te smanjuje utjecaj sunca i padalina.<br>Zato je pokrivalo za Hyundai Kona odli\u010dan izbor za sve koji svoje vozilo parkiraju na otvorenom i \u017eele o\u010duvati njegovu vrijednost i besprijekoran izgled kroz godine.<\/p><\/div><\/div><\/div><\/div><\/section>\t\t\t\t\t\t\t\t<\/div>\n\t\t\t\t<div class=\"elementor-element elementor-element-e419738 elementor-widget elementor-widget-text-editor\" data-id=\"e419738\" data-element_type=\"widget\" data-e-type=\"widget\" data-widget_type=\"text-editor.default\">\n\t\t\t\t\t\t\t\t\t<section class=\"elementor-section elementor-top-section elementor-element elementor-element-13204ee elementor-section-boxed elementor-section-height-default elementor-section-height-default\" data-particle_enable=\"false\" data-particle-mobile-disabled=\"false\" data-id=\"13204ee\" data-element_type=\"section\" data-e-type=\"section\"><div class=\"elementor-container elementor-column-gap-default\"><div class=\"elementor-column elementor-col-100 elementor-top-column elementor-element elementor-element-b23b091\" data-id=\"b23b091\" data-element_type=\"column\" data-e-type=\"column\"><div class=\"elementor-widget-wrap elementor-element-populated\"><div class=\"elementor-element elementor-element-04800a0 elementor-widget elementor-widget-text-editor\" data-id=\"04800a0\" data-element_type=\"widget\" data-e-type=\"widget\" data-widget_type=\"text-editor.default\"><h1 class=\"elementor-widget-container\" style=\"text-align: center;\"><span style=\"color: #168f0b;\">Otkrijte prednosti na\u0161eg vrhunskog SUV\/VAN pokrivala<\/span><\/h1><\/div><\/div><\/div><\/div><\/section>\t\t\t\t\t\t\t\t<\/div>\n\t\t\t\t\t<\/div>\n\t\t\t\t<\/div>\n\t\t<div class=\"elementor-element elementor-element-9a6143e e-flex e-con-boxed e-con e-parent\" data-id=\"9a6143e\" data-element_type=\"container\" data-e-type=\"container\">\n\t\t\t\t\t<div class=\"e-con-inner\">\n\t\t\t\t<div class=\"elementor-element elementor-element-28d36dc elementor-widget elementor-widget-image\" data-id=\"28d36dc\" data-element_type=\"widget\" data-e-type=\"widget\" data-widget_type=\"image.default\">\n\t\t\t\t\t\t\t\t\t\t\t\t\t\t\t<img decoding=\"async\" src=\"https:\/\/avtopokrivala.si\/wp-content\/uploads\/2025\/10\/odkrijte-prednostiSUV-2-1.png\" title=\"\" alt=\"SUV vozilo za\u0161\u010diteno z vrhunskim avtopokrivalom\" loading=\"lazy\" \/>\t\t\t\t\t\t\t\t\t\t\t\t\t\t\t<\/div>\n\t\t\t\t\t<\/div>\n\t\t\t\t<\/div>\n\t\t<div class=\"elementor-element elementor-element-2e49ae9 e-flex e-con-boxed e-con e-parent\" data-id=\"2e49ae9\" data-element_type=\"container\" data-e-type=\"container\">\n\t\t\t\t\t<div class=\"e-con-inner\">\n\t\t\t\t<div class=\"elementor-element elementor-element-602c8dd elementor-widget elementor-widget-text-editor\" data-id=\"602c8dd\" data-element_type=\"widget\" data-e-type=\"widget\" data-widget_type=\"text-editor.default\">\n\t\t\t\t\t\t\t\t\t<h1 style=\"text-align: center;\">Dugogodi\u0161nje iskustvo i provjerena kvaliteta osiguravaju pouzdanu za\u0161titu va\u0161eg vozila od tu\u010de.<\/h1><h2 style=\"text-align: center;\"><span style=\"color: #168f0b;\">Zakaj izbrati pokrivalo za Hyundai Kona?<\/span><\/h2><h6 style=\"text-align: center;\">Pokrivalo za Hyundai Inster je idealna re\u0161itev za za\u0161\u010dito va\u0161ega vozila pred to\u010do, UV \u017earki, de\u017ejem in snegom. Kakovostni ve\u010dslojni materiali zagotavljajo maksimalno varnost in dolgo \u017eivljenjsko dobo. \u010ce i\u0161\u010dete zanesljivo pokrivalo za Hyundai Kona, je to prava izbira za celovito za\u0161\u010dito va\u0161ega avtomobila.  <\/h6><h6 style=\"text-align: center;\">Oglejte si \u0161e druge <a href=\"https:\/\/luen.si\/kategorija\/avto-pokrivala\/\" target=\"_blank\" rel=\"noopener\">avtomobilske prevleke<\/a> v na\u0161i ponudbi in izberite model, ki ustreza va\u0161emu vozilu.<\/h6><h6 style=\"text-align: center;\">Vi\u0161e o utjecaju tu\u010de na vozila mo\u017eete pro\u010ditati na stranici <a href=\"https:\/\/www.amzs.si\/\" target=\"_blank\" rel=\"noopener\">AMZS<\/a>, gdje su predstavljeni savjeti za za\u0161titu automobila od vremenskih utjecaja.<\/h6>\t\t\t\t\t\t\t\t<\/div>\n\t\t\t\t\t<\/div>\n\t\t\t\t<\/div>\n\t\t\t\t<\/div>\n\t\t","protected":false},"excerpt":{"rendered":"<p><span style=\"color: #333333;\">Na temelju unesenog modela va\u0161eg vozila, integrirana funkcija pretra\u017eivanja dimenzija odabrala je odgovaraju\u0107u veli\u010dinu bo\u010dnog pokrivala protiv tu\u010de.<\/span><br \/>\n<strong><span style=\"color: #333333;\">Time dokazujete da ste promi\u0161ljen i odgovoran vlasnik vozila koji \u017eeli za\u0161tititi svoje vozilo ve\u0107 danas te mu time dodati dodatnu vrijednost. <\/span><\/strong><br \/>\n<strong><span style=\"color: #333333;\">Odabrat \u0107ete originalno, patentirano bo\u010dno pokrivalo, dizajnirano za brzu i u\u010dinkovitu za\u0161titu va\u0161eg automobila od tu\u010de.<\/span><\/strong><\/p>\n<p><span style=\"color: #333333;\">\ud83d\udd39 Maksimalna sigurnost s vrhunskom HIBRIDNOM PJENOM MAX2<\/span><br \/>\n<span style=\"color: #333333;\">\ud83d\udd39 Dvojna debelina pene: 4 mm + 3 mm = skupno 7 mm<\/span><br \/>\n<span style=\"color: #333333;\">\ud83d\udd39 Maksimalna za\u0161\u010dita pred to\u010do, soncem, vlago<\/span><br \/>\n<span style=\"color: #333333;\">\ud83d\udd39 Popolna zunanja in notranja za\u0161\u010dita v manj kot minuti<\/span><br \/>\n<span style=\"color: #333333;\">\ud83d\udd39 U\u010dinkovito \u0161\u010diti pred prahom in umazanijo<\/span><br \/>\n<span style=\"color: #333333;\">Ponosno slavimo ve\u0107 18 godina uspje\u0161ne prodaje u EU.<\/span><\/p>\n<p>&nbsp;<\/p>\n","protected":false},"featured_media":9533,"comment_status":"open","ping_status":"closed","template":"","meta":[],"product_brand":[],"product_cat":[846],"product_tag":[],"model":[],"znamka":[],"class_list":{"0":"post-9532","1":"product","2":"type-product","3":"status-publish","4":"has-post-thumbnail","6":"product_cat-suv","8":"first","9":"instock","10":"featured","11":"taxable","12":"shipping-taxable","13":"purchasable","14":"product-type-simple"},"_links":{"self":[{"href":"https:\/\/avtopokrivala.si\/hr\/wp-json\/wp\/v2\/product\/9532","targetHints":{"allow":["GET"]}}],"collection":[{"href":"https:\/\/avtopokrivala.si\/hr\/wp-json\/wp\/v2\/product"}],"about":[{"href":"https:\/\/avtopokrivala.si\/hr\/wp-json\/wp\/v2\/types\/product"}],"replies":[{"embeddable":true,"href":"https:\/\/avtopokrivala.si\/hr\/wp-json\/wp\/v2\/comments?post=9532"}],"version-history":[{"count":2,"href":"https:\/\/avtopokrivala.si\/hr\/wp-json\/wp\/v2\/product\/9532\/revisions"}],"predecessor-version":[{"id":9565,"href":"https:\/\/avtopokrivala.si\/hr\/wp-json\/wp\/v2\/product\/9532\/revisions\/9565"}],"wp:featuredmedia":[{"embeddable":true,"href":"https:\/\/avtopokrivala.si\/hr\/wp-json\/wp\/v2\/media\/9533"}],"wp:attachment":[{"href":"https:\/\/avtopokrivala.si\/hr\/wp-json\/wp\/v2\/media?parent=9532"}],"wp:term":[{"taxonomy":"product_brand","embeddable":true,"href":"https:\/\/avtopokrivala.si\/hr\/wp-json\/wp\/v2\/product_brand?post=9532"},{"taxonomy":"product_cat","embeddable":true,"href":"https:\/\/avtopokrivala.si\/hr\/wp-json\/wp\/v2\/product_cat?post=9532"},{"taxonomy":"product_tag","embeddable":true,"href":"https:\/\/avtopokrivala.si\/hr\/wp-json\/wp\/v2\/product_tag?post=9532"},{"taxonomy":"model","embeddable":true,"href":"https:\/\/avtopokrivala.si\/hr\/wp-json\/wp\/v2\/model?post=9532"},{"taxonomy":"znamka","embeddable":true,"href":"https:\/\/avtopokrivala.si\/hr\/wp-json\/wp\/v2\/znamka?post=9532"}],"curies":[{"name":"wp","href":"https:\/\/api.w.org\/{rel}","templated":true}]}}