{"id":10118,"date":"2026-04-20T19:05:34","date_gmt":"2026-04-20T17:05:34","guid":{"rendered":"https:\/\/avtopokrivala.si\/izdelek\/pokrivalo-proti-toci-za-hyundai-i30-wagon\/"},"modified":"2026-04-20T19:05:34","modified_gmt":"2026-04-20T17:05:34","slug":"pokrivalo-proti-toci-za-hyundai-i30-wagon","status":"publish","type":"product","link":"https:\/\/avtopokrivala.si\/hu\/izdelek\/pokrivalo-proti-toci-za-hyundai-i30-wagon\/","title":{"rendered":"Hybrid Pokrivalo-L Hyundai i30 Wagon"},"content":{"rendered":"<section data-particle_enable=\"false\" data-particle-mobile-disabled=\"false\" data-id=\"13204ee\" data-element_type=\"section\" data-e-type=\"section\">\n<h1 style=\"text-align: center;\">Pokrivalo proti to\u010di za Hyundai i30 wagon<\/h1>\n<p style=\"text-align: center;\">Pokivalo proti to\u010di za <strong>Hyundai i30 wagon<\/strong>\u00a0je zasnovano za za\u0161\u010dito vozila pred to\u010do, de\u017ejem, soncem in drugimi vremenskimi vplivi.<\/p>\n<p style=\"text-align: center;\">Debela 7 mm za\u0161\u010ditna plast omogo\u010da, da pokrivalo proti to\u010di za <strong>Hyundai i30 wagon<\/strong> absorbira udarce to\u010de ter pomaga za\u0161\u010dititi karoserijo vozila.<\/p>\n<\/section>\n<section data-particle_enable=\"false\" data-particle-mobile-disabled=\"false\" data-id=\"d97f4b8\" data-element_type=\"section\" data-e-type=\"section\">\n<p style=\"text-align: center;\" data-start=\"702\" data-end=\"879\">Pokrivalo MAX2 vklju\u010duje <strong data-start=\"727\" data-end=\"760\">patentirano ve\u010dslojno za\u0161\u010dito<\/strong> in dodatno <strong data-start=\"772\" data-end=\"809\">stransko za\u0161\u010dito bokov ter stekel<\/strong>, ki pomaga za\u0161\u010dititi najbolj ob\u010dutljive dele vozila pred udarci to\u010de.<\/p>\n<\/section>\n<h3 style=\"text-align: center;\">Kako pokrivalo proti to\u010di za\u0161\u010diti Hyundai i30 wagon<\/h3>\n<h2 style=\"text-align: center;\" data-start=\"49\" data-end=\"105\">Patentirana za\u0161\u010dita pred to\u010do s stransko za\u0161\u010dito bokov in stekel!<\/h2>\n<h3 style=\"text-align: center;\" data-start=\"49\" data-end=\"105\">Pokrivalo \u0161\u010diti vozilo pred to\u010do do premera 22,7 mm in udarci s hitrostjo do 90 km\/h.<\/h3>\n<p style=\"text-align: center;\">Pokrivalo je bilo testirano v laboratorijskih pogojih s simulirano to\u010do, kar potrjuje njegovo visoko odpornost.<\/p>\n<p><img fetchpriority=\"high\" decoding=\"async\" src=\"https:\/\/avtopokrivala.si\/wp-content\/uploads\/2026\/03\/web-osnova-KARAVAN-2-1-scaled.png\" sizes=\"(max-width: 1071px) 100vw, 1071px\" srcset=\"https:\/\/avtopokrivala.si\/wp-content\/uploads\/2026\/03\/web-osnova-KARAVAN-2-1-scaled.png 1071w, https:\/\/avtopokrivala.si\/wp-content\/uploads\/2026\/03\/web-osnova-KARAVAN-2-1-126x300.png 126w, https:\/\/avtopokrivala.si\/wp-content\/uploads\/2026\/03\/web-osnova-KARAVAN-2-1-428x1024.png 428w, https:\/\/avtopokrivala.si\/wp-content\/uploads\/2026\/03\/web-osnova-KARAVAN-2-1-768x1836.png 768w, https:\/\/avtopokrivala.si\/wp-content\/uploads\/2026\/03\/web-osnova-KARAVAN-2-1-643x1536.png 643w, https:\/\/avtopokrivala.si\/wp-content\/uploads\/2026\/03\/web-osnova-KARAVAN-2-1-857x2048.png 857w, https:\/\/avtopokrivala.si\/wp-content\/uploads\/2026\/03\/web-osnova-KARAVAN-2-1-1000x2390.png 1000w\" alt=\"pokrivalo proti to\u010di MAX2 za karavan vozila \u2013 za\u0161\u010dita avtomobila pred to\u010do\" width=\"1071\" height=\"2560\" \/><\/p>\n<h2 style=\"text-align: center;\">Pokrivalo proti to\u010di za Hyundai i30 wagon \u2013 zanesljiva za\u0161\u010dita avtomobila!<\/h2>\n<section data-particle_enable=\"false\" data-particle-mobile-disabled=\"false\" data-id=\"13204ee\" data-element_type=\"section\" data-e-type=\"section\">\n<h3 style=\"text-align: center;\">Pokrivalo s stransko za\u0161\u010dito \u2013 dodatna za\u0161\u010dita bokov in stekel<\/h3>\n<p style=\"text-align: center;\">Pokrivalo MAX2 vklju\u010duje patentirano dodatno stransko za\u0161\u010dito bokov in stekel, ki pomaga za\u0161\u010dititi najbolj ob\u010dutljive dele vozila pred udarci to\u010de.<br \/>\nS tem je zagotovljena celovitej\u0161a za\u0161\u010dita vozila, ki je pri ve\u010dini obi\u010dajnih pokrival ni.<\/p>\n<h3 style=\"text-align: center;\">Tehnologija za\u0161\u010dite-Premium Hybrid, ko je vozilo parkirano na prostem<\/h3>\n<p style=\"text-align: center;\">\u010ce vozilo pogosto parkirate na prostem, je pokrivalo MAX2 ena najbolj\u0161ih re\u0161itev za za\u0161\u010dito karoserije.<br \/>\nVe\u010dslojna zasnova s patentirano Premium Hybrid peno (4 + 3 mm) u\u010dinkovito ubla\u017ei udarce to\u010de ter pomaga zmanj\u0161ati mo\u017enost po\u0161kodb laka in plo\u010devine.<br \/>\nMo\u010dna 3-slojna za\u0161\u010dita s skupno debelino 10 mm ustvarja za\u0161\u010ditno bariero, ki absorbira energijo udarca to\u010de in pomaga za\u0161\u010dititi vozilo pred po\u0161kodbami.<\/p>\n<h3 style=\"text-align: center;\">Primerno za vse letne \u010dase<\/h3>\n<p style=\"text-align: center;\">Material pokrivala je vodoodbojen in zra\u010den, kar pomaga prepre\u010devati nabiranje vlage pod pokrivalom.<br \/>\nTak\u0161na zasnova u\u010dinkovito \u0161\u010diti vozilo pred de\u017ejem, hkrati pa zmanj\u0161uje tveganje kondenzacije, ki lahko nastane pri popolnoma neprepustnih materialih.<\/p>\n<p style=\"text-align: center;\">\u26a0\ufe0f Pokrivala za za\u0161\u010dito pred to\u010do niso 100 % odporna na UV-\u017earke.<br \/>\nDolgotrajna izpostavljenost soncu lahko po\u0161koduje material in skraj\u0161a njegovo \u017eivljenjsko dobo, zato priporo\u010damo,<br \/>\nda pokrivalo po uporabi odstranite in ga ne pu\u0161\u010date trajno na vozilu.<\/p>\n<h3 style=\"text-align: center;\">Enostavna namestitev \u2013 3-to\u010dkovni sistem pritrjevanja<\/h3>\n<p style=\"text-align: center;\">Trojni elasti\u010dni pritrdilni trakovi omogo\u010dajo hitro namestitev ter stabilno pritrditev tudi ob mo\u010dnej\u0161em vetru.<br \/>\n<strong>Pokrivalo lahko namestite v manj kot 1 minuti<\/strong>, zato je idealno za hitro in u\u010dinkovito vsakodnevno za\u0161\u010dito vozila.<\/p>\n<h3 style=\"text-align: center;\">Za\u0161\u010dita pred to\u010do \u2013 pametna investicija<\/h3>\n<p style=\"text-align: center;\">To\u010da lahko v nekaj minutah povzro\u010di resno \u0161kodo na vozilu, katere popravilo <strong>pogosto stane ve\u010d sto ali celo tiso\u010d evrov<\/strong>.<br \/>\nPokrivalo MAX2 je preprosta in cenovno dostopna re\u0161itev, ki pomaga za\u0161\u010dititi vozilo pred po\u0161kodbami ter ohraniti njegovo vrednost.<br \/>\nPo\u0161kodbe zaradi to\u010de pogosto <strong>pomenijo tudi ve\u010d dni ali tednov brez vozila<\/strong>, poleg tega pa avtomobil po popravilu redko ostane povsem tak\u0161en kot pred po\u0161kodbo.<br \/>\nZ za\u0161\u010ditnim pokrivalom lahko vozilo za\u0161\u010ditite pravo\u010dasno in <strong>se izognete dragim popravilom ter nepotrebnim stro\u0161kom<\/strong>.<\/p>\n<p style=\"text-align: center;\">Zaradi kakovostnih materialov in premi\u0161ljene zasnove je uporaba enostavna, shranjevanje pa prakti\u010dno v prilo\u017eeni vre\u010di.<\/p>\n<\/section>\n<section data-particle_enable=\"false\" data-particle-mobile-disabled=\"false\" data-id=\"13204ee\" data-element_type=\"section\" data-e-type=\"section\">\n<h1 style=\"text-align: center;\">Odkrijte prednosti na\u0161ega vrhunskega KARAVAN pokrivala<\/h1>\n<\/section>\n<p><img decoding=\"async\" src=\"https:\/\/avtopokrivala.si\/wp-content\/uploads\/2025\/10\/odkrijte-prednosti-SUV-1-1-1024x625.png\" sizes=\"(max-width: 1024px) 100vw, 1024px\" srcset=\"https:\/\/avtopokrivala.si\/wp-content\/uploads\/2025\/10\/odkrijte-prednosti-SUV-1-1-1024x625.png 1024w, https:\/\/avtopokrivala.si\/wp-content\/uploads\/2025\/10\/odkrijte-prednosti-SUV-1-1-300x183.png 300w, https:\/\/avtopokrivala.si\/wp-content\/uploads\/2025\/10\/odkrijte-prednosti-SUV-1-1-768x469.png 768w, https:\/\/avtopokrivala.si\/wp-content\/uploads\/2025\/10\/odkrijte-prednosti-SUV-1-1-1000x611.png 1000w, https:\/\/avtopokrivala.si\/wp-content\/uploads\/2025\/10\/odkrijte-prednosti-SUV-1-1.png 1200w\" alt=\"SUV vozilo za\u0161\u010diteno z vrhunskim avtopokrivalom\" width=\"1024\" height=\"625\" \/><\/p>\n<h1 style=\"padding-left: 40px; text-align: center;\">Dolgoletne izku\u0161nje in preizku\u0161ena kakovost zagotavljata zanesljivo za\u0161\u010dito va\u0161ega vozila pred to\u010do.<\/h1>\n<h6 style=\"text-align: center;\">Za\u0161\u010ditite svoje vozilo pravo\u010dasno in se izognite dragim popravilom \u2013 naro\u010dite pokrivalo MAX2 \u0161e danes.<\/h6>\n<p style=\"text-align: center;\">Oglejte si tudi\u00a0<a href=\"https:\/\/avtopokrivala.si\/izdelek\/pokrivalo-proti-toci-mercedes-cla-coupe\/\">pokrivalo proti to\u010di za Mercedes GLA<\/a>\u00a0ali\u00a0<a href=\"https:\/\/avtopokrivala.si\/izdelek\/pokrivalo-proti-toci-za-mercedes-benz-a-class\/\">pokrivalo proti to\u010di za Mercedes A-class <\/a>ter izberite pravo za\u0161\u010dito za va\u0161e vozilo.<\/p>\n<p style=\"text-align: center;\">Ve\u010d o za\u0161\u010diti avtomobilov pred to\u010do si lahko preberete tudi tukaj: <a href=\"https:\/\/en.wikipedia.org\/wiki\/Hail\" target=\"_blank\" rel=\"noopener\">https:\/\/en.wikipedia.org\/wiki\/Hail<\/a><\/p>\n<h2>Najpogostej\u0161a vpra\u0161anja<\/h2>\n<p>Zbrali smo najpogostej\u0161a vpra\u0161anja na\u0161ih kupcev, tako pred nakupom kot po njem, da boste hitreje na\u0161li odgovor.<\/p>\n<p>&nbsp;<\/p>\n<p>Odkrij ve\u010d<\/p>\n<details id=\"e-n-accordion-item-2290\" open=\"\">\n<summary tabindex=\"0\" data-accordion-index=\"1\" aria-expanded=\"true\" aria-controls=\"e-n-accordion-item-2290\">Kaj je posebnost pokrivala MAX2?<\/summary>\n<p data-start=\"0\" data-end=\"265\"><strong data-start=\"0\" data-end=\"265\">Pokrivalo MAX2 ima patentirano HIBRIDNO za\u0161\u010ditno peno debeline 7 mm (4 mm + 3 mm), ki u\u010dinkovito \u0161\u010diti vozilo pred to\u010do, soncem, vlago in prahom. Ve\u010dslojna struktura bla\u017ei udarce, pokrivalo pa vozilo ovije kot druga ko\u017ea in ga varuje v vseh vremenskih razmerah.<\/strong><\/p>\n<p data-start=\"267\" data-end=\"408\" data-is-last-node=\"\" data-is-only-node=\"\"><strong data-start=\"267\" data-end=\"408\" data-is-last-node=\"\">Za popolno prileganje smo edini ponudnik v Sloveniji, ki ponuja pokrivala krojena glede na tip vozila \u2013 SUV, kombi, karavan ali limuzina in avtodom.<\/strong><\/p>\n<\/details>\n<details id=\"e-n-accordion-item-2291\">\n<summary tabindex=\"-1\" data-accordion-index=\"2\" aria-expanded=\"false\" aria-controls=\"e-n-accordion-item-2291\">Zakaj je to pokrivalo bolj\u0161e od cenej\u0161ih alternativ?<\/summary>\n<p data-start=\"234\" data-end=\"432\">Na trgu se pogosto pojavljajo zavajajo\u010de informacije o debelini za\u0161\u010ditne pene. Mnogi prodajalci navajajo skupno debelino, ki vklju\u010duje tudi tekstil ali za\u0161\u010ditne folije, ki pa ne bla\u017eijo udarcev to\u010de.<\/p>\n<p data-start=\"407\" data-end=\"617\">Pokrivalo MAX2 uporablja <strong data-start=\"432\" data-end=\"463\">dvojni za\u0161\u010ditni sistem pene<\/strong>: zgornjo <strong data-start=\"473\" data-end=\"503\">4 mm ABSORBS hibridno peno<\/strong>, ki absorbira energijo udarca, ter <strong data-start=\"539\" data-end=\"569\">3 mm STOPPER hibridno peno<\/strong>, ki dodatno razpr\u0161i silo in za\u0161\u010diti karoserijo.<\/p>\n<p data-start=\"619\" data-end=\"770\">Skupaj tako pokrivalo zagotavlja <strong data-start=\"652\" data-end=\"683\">7 mm dejanske za\u0161\u010ditne pene<\/strong>, vodoodbojno zgornjo plast ter <strong data-start=\"715\" data-end=\"748\">mehko notranjo plast iz flisa<\/strong>, ki je ne\u017ena do laka.<\/p>\n<\/details>\n<details id=\"e-n-accordion-item-2292\">\n<summary tabindex=\"-1\" data-accordion-index=\"3\" aria-expanded=\"false\" aria-controls=\"e-n-accordion-item-2292\">Ali pokrivalo \u0161\u010diti tudi stranice in stranska stekla?<\/summary>\n<p><strong>Da<\/strong>\u00a0\u2013 pokrivalo\u00a0<strong data-start=\"214\" data-end=\"239\">MAX2 je edino na trgu<\/strong>, ki vklju\u010duje\u00a0<strong data-start=\"254\" data-end=\"286\">patentirano stransko za\u0161\u010dito<\/strong>, namenjeno varovanju\u00a0<strong data-start=\"308\" data-end=\"341\">bo\u010dnih stekel in bokov vozila<\/strong> pred udarci to\u010de. Ve\u010dina obi\u010dajnih pokrival \u0161\u010diti le streho in vetrobransko steklo, medtem ko MAX2 nudi\u00a0<strong data-start=\"448\" data-end=\"500\">celovito za\u0161\u010dito celotnega zgornjega dela vozila<\/strong>, vklju\u010dno s povr\u0161inami, ki so pri neurjih prav tako pogosto po\u0161kodovane. Zato se lahko pohvalimo z svetovnim patentom re\u0161itvijo, ki va\u0161 avto varuje\u00a0<strong data-start=\"631\" data-end=\"669\">tam, kjer drugi pokrivala odpovejo<\/strong><\/p>\n<\/details>\n<details id=\"e-n-accordion-item-2293\">\n<summary tabindex=\"-1\" data-accordion-index=\"4\" aria-expanded=\"false\" aria-controls=\"e-n-accordion-item-2293\">Ali je vre\u010da za shranjevanje prilo\u017eena pokrivala?<\/summary>\n<p data-start=\"152\" data-end=\"424\"><strong>Da,<\/strong>\u00a0ob nakupu pokrivala prejmete tudi\u00a0<strong data-start=\"190\" data-end=\"225\">prakti\u010dno vre\u010do za shranjevanje<\/strong>, ki omogo\u010da, da pokrivalo enostavno pospravite, ko ga ne uporabljate. Vre\u010da je\u00a0<strong data-start=\"305\" data-end=\"353\">kompaktna, vzdr\u017eljiva in opremljena z ro\u010daji<\/strong>, zato jo lahko brez te\u017eav prena\u0161ate ali shranite v prtlja\u017eniku vozila. Tako poskrbimo, da bo va\u0161e pokrivalo vedno urejeno, za\u0161\u010diteno in pripravljeno na naslednjo uporabo.<\/p>\n<\/details>\n<p data-start=\"0\" data-end=\"265\"><strong data-start=\"0\" data-end=\"265\">Pokrivalo MAX2 ima patentirano HIBRIDNO za\u0161\u010ditno peno debeline 7 mm (4 mm + 3 mm), ki u\u010dinkovito \u0161\u010diti vozilo pred to\u010do, soncem, vlago in prahom. Ve\u010dslojna struktura bla\u017ei udarce, pokrivalo pa vozilo ovije kot druga ko\u017ea in ga varuje v vseh vremenskih razmerah.<\/strong><\/p>\n<p data-start=\"267\" data-end=\"408\" data-is-last-node=\"\" data-is-only-node=\"\"><strong data-start=\"267\" data-end=\"408\" data-is-last-node=\"\">Za popolno prileganje smo edini ponudnik v Sloveniji, ki ponuja pokrivala krojena glede na tip vozila \u2013 SUV, kombi, karavan ali limuzina in avtodom.<\/strong><\/p>\n<p data-start=\"234\" data-end=\"432\">Na trgu se pogosto pojavljajo zavajajo\u010de informacije o debelini za\u0161\u010ditne pene. Mnogi prodajalci navajajo skupno debelino, ki vklju\u010duje tudi tekstil ali za\u0161\u010ditne folije, ki pa ne bla\u017eijo udarcev to\u010de.<\/p>\n<p data-start=\"407\" data-end=\"617\">Pokrivalo MAX2 uporablja <strong data-start=\"432\" data-end=\"463\">dvojni za\u0161\u010ditni sistem pene<\/strong>: zgornjo <strong data-start=\"473\" data-end=\"503\">4 mm ABSORBS hibridno peno<\/strong>, ki absorbira energijo udarca, ter <strong data-start=\"539\" data-end=\"569\">3 mm STOPPER hibridno peno<\/strong>, ki dodatno razpr\u0161i silo in za\u0161\u010diti karoserijo.<\/p>\n<p data-start=\"619\" data-end=\"770\">Skupaj tako pokrivalo zagotavlja <strong data-start=\"652\" data-end=\"683\">7 mm dejanske za\u0161\u010ditne pene<\/strong>, vodoodbojno zgornjo plast ter <strong data-start=\"715\" data-end=\"748\">mehko notranjo plast iz flisa<\/strong>, ki je ne\u017ena do laka.<\/p>\n<p><strong>Da<\/strong>\u00a0\u2013 pokrivalo\u00a0<strong data-start=\"214\" data-end=\"239\">MAX2 je edino na trgu<\/strong>, ki vklju\u010duje\u00a0<strong data-start=\"254\" data-end=\"286\">patentirano stransko za\u0161\u010dito<\/strong>, namenjeno varovanju\u00a0<strong data-start=\"308\" data-end=\"341\">bo\u010dnih stekel in bokov vozila<\/strong> pred udarci to\u010de. Ve\u010dina obi\u010dajnih pokrival \u0161\u010diti le streho in vetrobransko steklo, medtem ko MAX2 nudi\u00a0<strong data-start=\"448\" data-end=\"500\">celovito za\u0161\u010dito celotnega zgornjega dela vozila<\/strong>, vklju\u010dno s povr\u0161inami, ki so pri neurjih prav tako pogosto po\u0161kodovane. Zato se lahko pohvalimo z svetovnim patentom re\u0161itvijo, ki va\u0161 avto varuje\u00a0<strong data-start=\"631\" data-end=\"669\">tam, kjer drugi pokrivala odpovejo<\/strong><\/p>\n<p data-start=\"152\" data-end=\"424\"><strong>Da,<\/strong>\u00a0ob nakupu pokrivala prejmete tudi\u00a0<strong data-start=\"190\" data-end=\"225\">prakti\u010dno vre\u010do za shranjevanje<\/strong>, ki omogo\u010da, da pokrivalo enostavno pospravite, ko ga ne uporabljate. Vre\u010da je\u00a0<strong data-start=\"305\" data-end=\"353\">kompaktna, vzdr\u017eljiva in opremljena z ro\u010daji<\/strong>, zato jo lahko brez te\u017eav prena\u0161ate ali shranite v prtlja\u017eniku vozila. Tako poskrbimo, da bo va\u0161e pokrivalo vedno urejeno, za\u0161\u010diteno in pripravljeno na naslednjo uporabo.<\/p>\n","protected":false},"excerpt":{"rendered":"<p><span style=\"color: #333333;\">Na podlagi vnesenega modela va\u0161ega vozila je integrirana funkcija iskanja dimenzij izbrala ustrezno velikost stranskega pokrivala proti to\u010di.<\/span><br \/>\n<strong><span style=\"color: #333333;\">S tem dokazujete, da ste preudaren in odgovoren lastnik vozila, ki \u017eeli svoje vozilo za\u0161\u010dititi \u017ee danes ter mu s tem dodati dodatno vrednost. <\/span><\/strong><br \/>\n<strong><span style=\"color: #333333;\">Izbrali boste originalno, patentirano stransko pokrivalo, zasnovano za hitro in u\u010dinkovito za\u0161\u010dito va\u0161ega avtomobila pred to\u010do.<\/span><\/strong><\/p>\n<p><span style=\"color: #333333;\">\ud83d\udd39 Najve\u010dja varnost z vrhunsko HIBRIDNO PENO MAX2<\/span><br \/>\n<span style=\"color: #333333;\">\ud83d\udd39 Dvojna debelina pene: 4 mm + 3 mm = skupno 7 mm<\/span><br \/>\n<span style=\"color: #333333;\">\ud83d\udd39 Maksimalna za\u0161\u010dita pred to\u010do, soncem, vlago<\/span><br \/>\n<span style=\"color: #333333;\">\ud83d\udd39 Popolna zunanja in notranja za\u0161\u010dita v manj kot minuti<\/span><br \/>\n<span style=\"color: #333333;\">\ud83d\udd39 U\u010dinkovito \u0161\u010diti pred prahom in umazanijo<\/span><br \/>\n<span style=\"color: #333333;\">Ponosno praznujemo \u017ee 18 let uspe\u0161ne prodaje v Sloveniji!<\/span><\/p>\n<p>&nbsp;<\/p>\n","protected":false},"featured_media":9818,"comment_status":"open","ping_status":"closed","template":"","meta":[],"product_brand":[],"product_cat":[859],"product_tag":[],"model":[],"znamka":[],"class_list":{"0":"post-10118","1":"product","2":"type-product","3":"status-publish","4":"has-post-thumbnail","6":"product_cat-karavan","8":"first","9":"instock","10":"featured","11":"taxable","12":"shipping-taxable","13":"product-type-simple"},"_links":{"self":[{"href":"https:\/\/avtopokrivala.si\/hu\/wp-json\/wp\/v2\/product\/10118","targetHints":{"allow":["GET"]}}],"collection":[{"href":"https:\/\/avtopokrivala.si\/hu\/wp-json\/wp\/v2\/product"}],"about":[{"href":"https:\/\/avtopokrivala.si\/hu\/wp-json\/wp\/v2\/types\/product"}],"replies":[{"embeddable":true,"href":"https:\/\/avtopokrivala.si\/hu\/wp-json\/wp\/v2\/comments?post=10118"}],"version-history":[{"count":0,"href":"https:\/\/avtopokrivala.si\/hu\/wp-json\/wp\/v2\/product\/10118\/revisions"}],"wp:featuredmedia":[{"embeddable":true,"href":"https:\/\/avtopokrivala.si\/hu\/wp-json\/wp\/v2\/media\/9818"}],"wp:attachment":[{"href":"https:\/\/avtopokrivala.si\/hu\/wp-json\/wp\/v2\/media?parent=10118"}],"wp:term":[{"taxonomy":"product_brand","embeddable":true,"href":"https:\/\/avtopokrivala.si\/hu\/wp-json\/wp\/v2\/product_brand?post=10118"},{"taxonomy":"product_cat","embeddable":true,"href":"https:\/\/avtopokrivala.si\/hu\/wp-json\/wp\/v2\/product_cat?post=10118"},{"taxonomy":"product_tag","embeddable":true,"href":"https:\/\/avtopokrivala.si\/hu\/wp-json\/wp\/v2\/product_tag?post=10118"},{"taxonomy":"model","embeddable":true,"href":"https:\/\/avtopokrivala.si\/hu\/wp-json\/wp\/v2\/model?post=10118"},{"taxonomy":"znamka","embeddable":true,"href":"https:\/\/avtopokrivala.si\/hu\/wp-json\/wp\/v2\/znamka?post=10118"}],"curies":[{"name":"wp","href":"https:\/\/api.w.org\/{rel}","templated":true}]}}